{"id":465,"date":"2022-04-24T22:08:46","date_gmt":"2022-04-24T22:08:46","guid":{"rendered":"https:\/\/architect.oceanwp.org\/?page_id=465"},"modified":"2025-12-31T10:35:21","modified_gmt":"2025-12-31T09:35:21","slug":"strona-glowna","status":"publish","type":"page","link":"https:\/\/norasdamian.pl\/","title":{"rendered":"Strona G\u0142\u00f3wna"},"content":{"rendered":"\t\t<div data-elementor-type=\"wp-page\" data-elementor-id=\"465\" class=\"elementor elementor-465\">\n\t\t\t\t\t\t<section class=\"elementor-section elementor-top-section elementor-element elementor-element-67bccc4 elementor-section-height-min-height elementor-section-full_width elementor-section-height-default elementor-section-items-middle\" data-id=\"67bccc4\" data-element_type=\"section\" data-settings=\"{&quot;background_background&quot;:&quot;slideshow&quot;,&quot;background_slideshow_gallery&quot;:[{&quot;id&quot;:1685,&quot;url&quot;:&quot;https:\\\/\\\/norasdamian.pl\\\/wp-content\\\/uploads\\\/2025\\\/10\\\/PODLESIE-KUCHNIA_v2.jpeg&quot;},{&quot;id&quot;:1688,&quot;url&quot;:&quot;https:\\\/\\\/norasdamian.pl\\\/wp-content\\\/uploads\\\/2025\\\/10\\\/MIKOLOW-KUCHNIA_2.jpeg&quot;},{&quot;id&quot;:1687,&quot;url&quot;:&quot;https:\\\/\\\/norasdamian.pl\\\/wp-content\\\/uploads\\\/2025\\\/10\\\/MIKOLOW-KUCHNIA.jpeg&quot;},{&quot;id&quot;:1686,&quot;url&quot;:&quot;https:\\\/\\\/norasdamian.pl\\\/wp-content\\\/uploads\\\/2025\\\/10\\\/PODLESKA-KUCHNIA.jpeg&quot;},{&quot;id&quot;:1684,&quot;url&quot;:&quot;https:\\\/\\\/norasdamian.pl\\\/wp-content\\\/uploads\\\/2025\\\/10\\\/PODLESIE-KUCHNIA.jpeg&quot;},{&quot;id&quot;:1818,&quot;url&quot;:&quot;https:\\\/\\\/norasdamian.pl\\\/wp-content\\\/uploads\\\/2025\\\/10\\\/KUCHNIA.jpeg&quot;},{&quot;id&quot;:1988,&quot;url&quot;:&quot;https:\\\/\\\/norasdamian.pl\\\/wp-content\\\/uploads\\\/2025\\\/11\\\/KUCHNIA_v2.jpg&quot;}],&quot;background_slideshow_loop&quot;:&quot;yes&quot;,&quot;background_slideshow_slide_duration&quot;:5000,&quot;background_slideshow_slide_transition&quot;:&quot;fade&quot;,&quot;background_slideshow_transition_duration&quot;:500}\">\n\t\t\t\t\t\t\t<div class=\"elementor-background-overlay\"><\/div>\n\t\t\t\t\t\t\t<div class=\"elementor-container elementor-column-gap-default\">\n\t\t\t\t\t<div class=\"elementor-column elementor-col-100 elementor-top-column elementor-element elementor-element-23a601b\" data-id=\"23a601b\" data-element_type=\"column\">\n\t\t\t<div class=\"elementor-widget-wrap elementor-element-populated\">\n\t\t\t\t\t\t<div class=\"elementor-element elementor-element-fb64808 elementor-widget-divider--view-line elementor-widget elementor-widget-divider\" data-id=\"fb64808\" data-element_type=\"widget\" data-widget_type=\"divider.default\">\n\t\t\t\t\t\t\t<div class=\"elementor-divider\">\n\t\t\t<span class=\"elementor-divider-separator\">\n\t\t\t\t\t\t<\/span>\n\t\t<\/div>\n\t\t\t\t\t\t<\/div>\n\t\t\t\t<div class=\"elementor-element elementor-element-5c316fb elementor-widget elementor-widget-heading\" data-id=\"5c316fb\" data-element_type=\"widget\" data-widget_type=\"heading.default\">\n\t\t\t\t\t<h1 class=\"elementor-heading-title elementor-size-default\">NORAS<\/h1>\t\t\t\t<\/div>\n\t\t\t\t<div class=\"elementor-element elementor-element-b2ae864 elementor-widget elementor-widget-heading\" data-id=\"b2ae864\" data-element_type=\"widget\" data-widget_type=\"heading.default\">\n\t\t\t\t\t<h2 class=\"elementor-heading-title elementor-size-default\">Meblarstwo &amp; Wn\u0119trza<\/h2>\t\t\t\t<\/div>\n\t\t\t\t\t<\/div>\n\t\t<\/div>\n\t\t\t\t\t<\/div>\n\t\t<\/section>\n\t\t\t\t<section class=\"elementor-section elementor-top-section elementor-element elementor-element-9c372de elementor-section-full_width elementor-section-height-default elementor-section-height-default\" data-id=\"9c372de\" data-element_type=\"section\">\n\t\t\t\t\t\t<div class=\"elementor-container elementor-column-gap-default\">\n\t\t\t\t\t<div class=\"elementor-column elementor-col-100 elementor-top-column elementor-element elementor-element-a8f283d\" data-id=\"a8f283d\" data-element_type=\"column\">\n\t\t\t<div class=\"elementor-widget-wrap elementor-element-populated\">\n\t\t\t\t<div class=\"elementor-element elementor-element-5f10460 e-flex e-con-boxed e-con e-parent\" data-id=\"5f10460\" data-element_type=\"container\">\n\t\t\t\t\t<div class=\"e-con-inner\">\n\t\t\t\t<div class=\"elementor-element elementor-element-3dffea9 elementor-widget elementor-widget-heading\" data-id=\"3dffea9\" data-element_type=\"widget\" data-widget_type=\"heading.default\">\n\t\t\t\t\t<h1 class=\"elementor-heading-title elementor-size-default\">Dlaczego klienci nas wybieraj\u0105?<\/h1>\t\t\t\t<\/div>\n\t\t<div class=\"elementor-element elementor-element-5b6e18d e-grid e-con-full e-con e-child\" data-id=\"5b6e18d\" data-element_type=\"container\">\n\t\t\t\t<div class=\"elementor-element elementor-element-c7a3804 elementor-position-top elementor-widget elementor-widget-image-box\" data-id=\"c7a3804\" data-element_type=\"widget\" data-widget_type=\"image-box.default\">\n\t\t\t\t\t<div class=\"elementor-image-box-wrapper\"><figure class=\"elementor-image-box-img\"><img fetchpriority=\"high\" decoding=\"async\" width=\"500\" height=\"500\" src=\"https:\/\/norasdamian.pl\/wp-content\/uploads\/2025\/11\/IKONY-11.jpg\" class=\"attachment-full size-full wp-image-2000\" alt=\"\" srcset=\"https:\/\/norasdamian.pl\/wp-content\/uploads\/2025\/11\/IKONY-11.jpg 500w, https:\/\/norasdamian.pl\/wp-content\/uploads\/2025\/11\/IKONY-11-300x300.jpg 300w, https:\/\/norasdamian.pl\/wp-content\/uploads\/2025\/11\/IKONY-11-150x150.jpg 150w\" sizes=\"(max-width: 500px) 100vw, 500px\" \/><\/figure><div class=\"elementor-image-box-content\"><h2 class=\"elementor-image-box-title\">Jedna firma  \u2013 <br> ca\u0142y projekt<\/h2><p class=\"elementor-image-box-description\">Nie musisz koordynowa\u0107 osobno projektanta, stolarza i ekipy remontowej. My zajmujemy si\u0119 wszystkim \u2013 od wizualizacji 3D, przez produkcj\u0119 mebli, po monta\u017c i wyko\u0144czenie. Jeden kontakt, jeden harmonogram, jeden numer telefonu.<\/p><\/div><\/div>\t\t\t\t<\/div>\n\t\t\t\t<div class=\"elementor-element elementor-element-1d9afbd elementor-position-top elementor-position-top elementor-widget elementor-widget-image-box\" data-id=\"1d9afbd\" data-element_type=\"widget\" data-widget_type=\"image-box.default\">\n\t\t\t\t\t<div class=\"elementor-image-box-wrapper\"><figure class=\"elementor-image-box-img\"><img decoding=\"async\" width=\"500\" height=\"500\" src=\"https:\/\/norasdamian.pl\/wp-content\/uploads\/2025\/11\/IKONY-09.jpg\" class=\"attachment-full size-full wp-image-1998\" alt=\"\" srcset=\"https:\/\/norasdamian.pl\/wp-content\/uploads\/2025\/11\/IKONY-09.jpg 500w, https:\/\/norasdamian.pl\/wp-content\/uploads\/2025\/11\/IKONY-09-300x300.jpg 300w, https:\/\/norasdamian.pl\/wp-content\/uploads\/2025\/11\/IKONY-09-150x150.jpg 150w\" sizes=\"(max-width: 500px) 100vw, 500px\" \/><\/figure><div class=\"elementor-image-box-content\"><h2 class=\"elementor-image-box-title\">25 lat realizacji wn\u0119trz<\/h2><p class=\"elementor-image-box-description\">Przez trzy dekady realizowali\u015bmy setki kompleksowych remont\u00f3w \u2013 wiemy jak przygotowa\u0107 przestrze\u0144, jakie s\u0105 pu\u0142apki w starych budynkach i jak dopasowa\u0107 meble do istniej\u0105cych warunk\u00f3w. Dzi\u015b to do\u015bwiadczenie \u0142\u0105czymy z produkcj\u0105 mebli na wymiar \u2013 dostajesz sp\u00f3jne wn\u0119trze, gdzie wszystko do siebie pasuje.<\/p><\/div><\/div>\t\t\t\t<\/div>\n\t\t\t\t<div class=\"elementor-element elementor-element-5564dd5 elementor-position-top elementor-widget elementor-widget-image-box\" data-id=\"5564dd5\" data-element_type=\"widget\" data-widget_type=\"image-box.default\">\n\t\t\t\t\t<div class=\"elementor-image-box-wrapper\"><figure class=\"elementor-image-box-img\"><img decoding=\"async\" width=\"500\" height=\"500\" src=\"https:\/\/norasdamian.pl\/wp-content\/uploads\/2025\/11\/IKONY-10.jpg\" class=\"attachment-full size-full wp-image-1999\" alt=\"\" srcset=\"https:\/\/norasdamian.pl\/wp-content\/uploads\/2025\/11\/IKONY-10.jpg 500w, https:\/\/norasdamian.pl\/wp-content\/uploads\/2025\/11\/IKONY-10-300x300.jpg 300w, https:\/\/norasdamian.pl\/wp-content\/uploads\/2025\/11\/IKONY-10-150x150.jpg 150w\" sizes=\"(max-width: 500px) 100vw, 500px\" \/><\/figure><div class=\"elementor-image-box-content\"><h2 class=\"elementor-image-box-title\">Znamy budynki <br> od podszewki<\/h2><p class=\"elementor-image-box-description\">Pracowali\u015bmy przy setkach remont\u00f3w \u2013 wiemy gdzie przebiegaj\u0105 instalacje, jak zachowuj\u0105 si\u0119 stare \u015bciany i co mo\u017ce by\u0107 problemem. Projektuj\u0105c meble na wymiar uwzgl\u0119dniamy realia mieszkania, nie tylko teori\u0119 z katalogu.<\/p><\/div><\/div>\t\t\t\t<\/div>\n\t\t\t\t<div class=\"elementor-element elementor-element-1c82e96 elementor-position-top elementor-widget elementor-widget-image-box\" data-id=\"1c82e96\" data-element_type=\"widget\" data-widget_type=\"image-box.default\">\n\t\t\t\t\t<div class=\"elementor-image-box-wrapper\"><figure class=\"elementor-image-box-img\"><img loading=\"lazy\" decoding=\"async\" width=\"500\" height=\"500\" src=\"https:\/\/norasdamian.pl\/wp-content\/uploads\/2025\/11\/IKONY-04.jpg\" class=\"attachment-full size-full wp-image-1993\" alt=\"\" srcset=\"https:\/\/norasdamian.pl\/wp-content\/uploads\/2025\/11\/IKONY-04.jpg 500w, https:\/\/norasdamian.pl\/wp-content\/uploads\/2025\/11\/IKONY-04-300x300.jpg 300w, https:\/\/norasdamian.pl\/wp-content\/uploads\/2025\/11\/IKONY-04-150x150.jpg 150w\" sizes=\"(max-width: 500px) 100vw, 500px\" \/><\/figure><div class=\"elementor-image-box-content\"><h2 class=\"elementor-image-box-title\">Lokalni <br> ze \u015al\u0105ska<\/h2><p class=\"elementor-image-box-description\">Dzia\u0142amy z Miko\u0142owa i okolic \u2013 znamy lokalny rynek, budynki w regionie i mamy sprawdzonych dostawc\u00f3w. Szybki dojazd na pomiary, \u0142atwa komunikacja i elastyczne reagowanie. Co\u015b trzeba poprawi\u0107? Jeste\u015bmy 30 minut drogi, nie tydzie\u0144 czekania na ekip\u0119 z drugiego ko\u0144ca Polski.Retry<\/p><\/div><\/div>\t\t\t\t<\/div>\n\t\t\t\t<\/div>\n\t\t\t\t\t<\/div>\n\t\t\t\t<\/div>\n\t\t\t\t\t<\/div>\n\t\t<\/div>\n\t\t\t\t\t<\/div>\n\t\t<\/section>\n\t\t<div class=\"elementor-element elementor-element-927b3e1 e-flex e-con-boxed e-con e-parent\" data-id=\"927b3e1\" data-element_type=\"container\">\n\t\t\t\t\t<div class=\"e-con-inner\">\n\t\t\t\t<div class=\"elementor-element elementor-element-ba4d308 elementor-widget elementor-widget-heading\" data-id=\"ba4d308\" data-element_type=\"widget\" data-widget_type=\"heading.default\">\n\t\t\t\t\t<h1 class=\"elementor-heading-title elementor-size-default\">Sprawd\u017a co ju\u017c zrealizowali\u015bmy!<\/h1>\t\t\t\t<\/div>\n\t\t\t\t\t<\/div>\n\t\t\t\t<\/div>\n\t\t<div class=\"elementor-element elementor-element-bf29f38 e-grid e-con-boxed e-con e-parent\" data-id=\"bf29f38\" data-element_type=\"container\">\n\t\t\t\t\t<div class=\"e-con-inner\">\n\t\t\t\t<div class=\"elementor-element elementor-element-e52f784 elementor-position-top elementor-widget elementor-widget-image-box\" data-id=\"e52f784\" data-element_type=\"widget\" data-widget_type=\"image-box.default\">\n\t\t\t\t\t<div class=\"elementor-image-box-wrapper\"><figure class=\"elementor-image-box-img\"><img loading=\"lazy\" decoding=\"async\" width=\"1024\" height=\"1024\" src=\"https:\/\/norasdamian.pl\/wp-content\/uploads\/2025\/10\/PODLESIE-KUCHNIA_v4-1024x1024.jpg\" class=\"attachment-large size-large wp-image-1749\" alt=\"\" srcset=\"https:\/\/norasdamian.pl\/wp-content\/uploads\/2025\/10\/PODLESIE-KUCHNIA_v4-1024x1024.jpg 1024w, https:\/\/norasdamian.pl\/wp-content\/uploads\/2025\/10\/PODLESIE-KUCHNIA_v4-300x300.jpg 300w, https:\/\/norasdamian.pl\/wp-content\/uploads\/2025\/10\/PODLESIE-KUCHNIA_v4-150x150.jpg 150w, https:\/\/norasdamian.pl\/wp-content\/uploads\/2025\/10\/PODLESIE-KUCHNIA_v4-768x768.jpg 768w, https:\/\/norasdamian.pl\/wp-content\/uploads\/2025\/10\/PODLESIE-KUCHNIA_v4-600x600.jpg 600w, https:\/\/norasdamian.pl\/wp-content\/uploads\/2025\/10\/PODLESIE-KUCHNIA_v4.jpg 1200w\" sizes=\"(max-width: 1024px) 100vw, 1024px\" \/><\/figure><div class=\"elementor-image-box-content\"><h2 class=\"elementor-image-box-title\">Kuchnia sercem domu <br> w podlesiu<\/h2><p class=\"elementor-image-box-description\">Pe\u0142na metamorfoza kuchni, zaprojektowana z my\u015bl\u0105 o funkcjonalno\u015bci i codziennym komforcie. Zabudowa wykonana tak, by maksymalnie wykorzysta\u0107 dost\u0119pn\u0105 przestrze\u0144 do przechowywania, przy jednoczesnym zachowaniu lekko\u015bci i swobody poruszania si\u0119. Jasne drewno ociepla wn\u0119trze, tworz\u0105c przytuln\u0105 atmosfer\u0119 \u2014 kuchni\u0119, kt\u00f3ra jest sercem domu.<\/p><\/div><\/div>\t\t\t\t<\/div>\n\t\t\t\t<div class=\"elementor-element elementor-element-4556c30 elementor-position-top elementor-widget elementor-widget-image-box\" data-id=\"4556c30\" data-element_type=\"widget\" data-widget_type=\"image-box.default\">\n\t\t\t\t\t<div class=\"elementor-image-box-wrapper\"><figure class=\"elementor-image-box-img\"><img loading=\"lazy\" decoding=\"async\" width=\"1024\" height=\"1024\" src=\"https:\/\/norasdamian.pl\/wp-content\/uploads\/2025\/10\/Jadalnia-i-kuchnia-u-cioci_v3-1024x1024.jpg\" class=\"attachment-large size-large wp-image-1779\" alt=\"\" srcset=\"https:\/\/norasdamian.pl\/wp-content\/uploads\/2025\/10\/Jadalnia-i-kuchnia-u-cioci_v3-1024x1024.jpg 1024w, https:\/\/norasdamian.pl\/wp-content\/uploads\/2025\/10\/Jadalnia-i-kuchnia-u-cioci_v3-300x300.jpg 300w, https:\/\/norasdamian.pl\/wp-content\/uploads\/2025\/10\/Jadalnia-i-kuchnia-u-cioci_v3-150x150.jpg 150w, https:\/\/norasdamian.pl\/wp-content\/uploads\/2025\/10\/Jadalnia-i-kuchnia-u-cioci_v3-768x768.jpg 768w, https:\/\/norasdamian.pl\/wp-content\/uploads\/2025\/10\/Jadalnia-i-kuchnia-u-cioci_v3-600x600.jpg 600w, https:\/\/norasdamian.pl\/wp-content\/uploads\/2025\/10\/Jadalnia-i-kuchnia-u-cioci_v3.jpg 1200w\" sizes=\"(max-width: 1024px) 100vw, 1024px\" \/><\/figure><div class=\"elementor-image-box-content\"><h2 class=\"elementor-image-box-title\">Nowoczesna kuchnia <br> z jadalni\u0105 w Miko\u0142owie<\/h2><p class=\"elementor-image-box-description\">Projekt nowoczesnej kuchni po\u0142\u0105czonej z jadalni\u0105, tworz\u0105cej otwart\u0105 i harmonijn\u0105 przestrze\u0144 do wsp\u00f3lnego sp\u0119dzania czasu. Bia\u0142e, g\u0142adkie fronty i nowoczesne sprz\u0119ty podkre\u015blaj\u0105 minimalistyczny charakter wn\u0119trza, a strefa jadalniana stanowi naturalne przed\u0142u\u017cenie kuchni \u2014 miejsce spotka\u0144, rozm\u00f3w i rodzinnych posi\u0142k\u00f3w. <\/p><\/div><\/div>\t\t\t\t<\/div>\n\t\t\t\t<div class=\"elementor-element elementor-element-d246272 elementor-position-top elementor-widget elementor-widget-image-box\" data-id=\"d246272\" data-element_type=\"widget\" data-widget_type=\"image-box.default\">\n\t\t\t\t\t<div class=\"elementor-image-box-wrapper\"><figure class=\"elementor-image-box-img\"><img loading=\"lazy\" decoding=\"async\" width=\"1024\" height=\"1024\" src=\"https:\/\/norasdamian.pl\/wp-content\/uploads\/2025\/10\/PODLESKA-KAWALERKA_CALOSC-1024x1024.jpg\" class=\"attachment-large size-large wp-image-1733\" alt=\"\" srcset=\"https:\/\/norasdamian.pl\/wp-content\/uploads\/2025\/10\/PODLESKA-KAWALERKA_CALOSC-1024x1024.jpg 1024w, https:\/\/norasdamian.pl\/wp-content\/uploads\/2025\/10\/PODLESKA-KAWALERKA_CALOSC-300x300.jpg 300w, https:\/\/norasdamian.pl\/wp-content\/uploads\/2025\/10\/PODLESKA-KAWALERKA_CALOSC-150x150.jpg 150w, https:\/\/norasdamian.pl\/wp-content\/uploads\/2025\/10\/PODLESKA-KAWALERKA_CALOSC-768x768.jpg 768w, https:\/\/norasdamian.pl\/wp-content\/uploads\/2025\/10\/PODLESKA-KAWALERKA_CALOSC-600x600.jpg 600w, https:\/\/norasdamian.pl\/wp-content\/uploads\/2025\/10\/PODLESKA-KAWALERKA_CALOSC.jpg 1200w\" sizes=\"(max-width: 1024px) 100vw, 1024px\" \/><\/figure><div class=\"elementor-image-box-content\"><h2 class=\"elementor-image-box-title\">podleska kawalerka <br> do wprowadzki<\/h2><p class=\"elementor-image-box-description\">Projekt kompleksowej metamorfozy kawalerki \u2013 od stanu surowego po gotowe wn\u0119trze. Zakres prac obejmowa\u0142 pe\u0142ny remont: nowe pod\u0142ogi, sufity i g\u0142adzie, a tak\u017ce wykonanie zabudowy kuchni, \u0142azienki i ma\u0142ego pokoju. Ca\u0142o\u015b\u0107 utrzymana w jasnym drewnie i neutralnych barwach, kt\u00f3re optycznie powi\u0119kszaj\u0105 przestrze\u0144 i nadaj\u0105 jej ciep\u0142y, przytulny charakter.<\/p><\/div><\/div>\t\t\t\t<\/div>\n\t\t\t\t\t<\/div>\n\t\t\t\t<\/div>\n\t\t<div class=\"elementor-element elementor-element-9d88bf0 e-flex e-con-boxed e-con e-parent\" data-id=\"9d88bf0\" data-element_type=\"container\">\n\t\t\t\t\t<div class=\"e-con-inner\">\n\t\t\t\t<div class=\"elementor-element elementor-element-353ea0e elementor-align-center elementor-widget elementor-widget-elementskit-button\" data-id=\"353ea0e\" data-element_type=\"widget\" data-widget_type=\"elementskit-button.default\">\n\t\t\t\t\t<div class=\"ekit-wid-con\" >\t\t<div class=\"ekit-btn-wraper\">\n\t\t\t\t\t\t\t<a href=\"https:\/\/norasdamian.pl\/?page_id=673\" class=\"elementskit-btn  whitespace--normal\" id=\"\">\n\t\t\t\t\tZobacz wi\u0119cej\t\t\t\t<\/a>\n\t\t\t\t\t<\/div>\n        <\/div>\t\t\t\t<\/div>\n\t\t\t\t\t<\/div>\n\t\t\t\t<\/div>\n\t\t<div class=\"elementor-element elementor-element-9a7f7f2 e-con-full e-flex e-con e-parent\" data-id=\"9a7f7f2\" data-element_type=\"container\" data-settings=\"{&quot;background_background&quot;:&quot;classic&quot;}\">\n\t\t\t\t<div class=\"elementor-element elementor-element-d1779fb elementor-widget elementor-widget-heading\" data-id=\"d1779fb\" data-element_type=\"widget\" data-widget_type=\"heading.default\">\n\t\t\t\t\t<h1 class=\"elementor-heading-title elementor-size-default\">Skontaktuj si\u0119 z nami! <br>\n602 126 693<\/h1>\t\t\t\t<\/div>\n\t\t\t\t<\/div>\n\t\t\t\t<\/div>\n\t\t","protected":false},"excerpt":{"rendered":"<p>NORAS Meblarstwo &amp; Wn\u0119trza Dlaczego klienci nas wybieraj\u0105? Jedna firma \u2013 ca\u0142y projekt Nie musisz koordynowa\u0107 osobno projektanta, stolarza i ekipy remontowej. My zajmujemy si\u0119 wszystkim \u2013 od wizualizacji 3D, przez produkcj\u0119 mebli, po monta\u017c i wyko\u0144czenie. Jeden kontakt, jeden harmonogram, jeden numer telefonu. 25 lat realizacji wn\u0119trz Przez trzy dekady realizowali\u015bmy setki kompleksowych remont\u00f3w [&hellip;]<\/p>\n","protected":false},"author":1,"featured_media":0,"parent":0,"menu_order":0,"comment_status":"closed","ping_status":"closed","template":"","meta":{"ocean_post_layout":"full-screen","ocean_both_sidebars_style":"","ocean_both_sidebars_content_width":0,"ocean_both_sidebars_sidebars_width":0,"ocean_sidebar":"0","ocean_second_sidebar":"0","ocean_disable_margins":"on","ocean_add_body_class":"","ocean_shortcode_before_top_bar":"","ocean_shortcode_after_top_bar":"","ocean_shortcode_before_header":"","ocean_shortcode_after_header":"","ocean_has_shortcode":"","ocean_shortcode_after_title":"","ocean_shortcode_before_footer_widgets":"","ocean_shortcode_after_footer_widgets":"","ocean_shortcode_before_footer_bottom":"","ocean_shortcode_after_footer_bottom":"","ocean_display_top_bar":"default","ocean_display_header":"default","ocean_header_style":"transparent","ocean_center_header_left_menu":"0","ocean_custom_header_template":"0","ocean_custom_logo":0,"ocean_custom_retina_logo":0,"ocean_custom_logo_max_width":0,"ocean_custom_logo_tablet_max_width":0,"ocean_custom_logo_mobile_max_width":0,"ocean_custom_logo_max_height":0,"ocean_custom_logo_tablet_max_height":0,"ocean_custom_logo_mobile_max_height":0,"ocean_header_custom_menu":"0","ocean_menu_typo_font_family":"0","ocean_menu_typo_font_subset":"","ocean_menu_typo_font_size":0,"ocean_menu_typo_font_size_tablet":0,"ocean_menu_typo_font_size_mobile":0,"ocean_menu_typo_font_size_unit":"px","ocean_menu_typo_font_weight":"","ocean_menu_typo_font_weight_tablet":"","ocean_menu_typo_font_weight_mobile":"","ocean_menu_typo_transform":"","ocean_menu_typo_transform_tablet":"","ocean_menu_typo_transform_mobile":"","ocean_menu_typo_line_height":0,"ocean_menu_typo_line_height_tablet":0,"ocean_menu_typo_line_height_mobile":0,"ocean_menu_typo_line_height_unit":"","ocean_menu_typo_spacing":0,"ocean_menu_typo_spacing_tablet":0,"ocean_menu_typo_spacing_mobile":0,"ocean_menu_typo_spacing_unit":"","ocean_menu_link_color":"#ffffff","ocean_menu_link_color_hover":"#6e8fef","ocean_menu_link_color_active":"#ffffff","ocean_menu_link_background":"","ocean_menu_link_hover_background":"","ocean_menu_link_active_background":"","ocean_menu_social_links_bg":"","ocean_menu_social_hover_links_bg":"","ocean_menu_social_links_color":"#ffffff","ocean_menu_social_hover_links_color":"#6e8fef","ocean_disable_title":"on","ocean_disable_heading":"default","ocean_post_title":"","ocean_post_subheading":"","ocean_post_title_style":"","ocean_post_title_background_color":"","ocean_post_title_background":0,"ocean_post_title_bg_image_position":"","ocean_post_title_bg_image_attachment":"","ocean_post_title_bg_image_repeat":"","ocean_post_title_bg_image_size":"","ocean_post_title_height":0,"ocean_post_title_bg_overlay":0.5,"ocean_post_title_bg_overlay_color":"","ocean_disable_breadcrumbs":"off","ocean_breadcrumbs_color":"","ocean_breadcrumbs_separator_color":"","ocean_breadcrumbs_links_color":"","ocean_breadcrumbs_links_hover_color":"","ocean_display_footer_widgets":"default","ocean_display_footer_bottom":"default","ocean_custom_footer_template":"0","footnotes":""},"class_list":["post-465","page","type-page","status-publish","hentry","entry"],"_links":{"self":[{"href":"https:\/\/norasdamian.pl\/index.php?rest_route=\/wp\/v2\/pages\/465","targetHints":{"allow":["GET"]}}],"collection":[{"href":"https:\/\/norasdamian.pl\/index.php?rest_route=\/wp\/v2\/pages"}],"about":[{"href":"https:\/\/norasdamian.pl\/index.php?rest_route=\/wp\/v2\/types\/page"}],"author":[{"embeddable":true,"href":"https:\/\/norasdamian.pl\/index.php?rest_route=\/wp\/v2\/users\/1"}],"replies":[{"embeddable":true,"href":"https:\/\/norasdamian.pl\/index.php?rest_route=%2Fwp%2Fv2%2Fcomments&post=465"}],"version-history":[{"count":0,"href":"https:\/\/norasdamian.pl\/index.php?rest_route=\/wp\/v2\/pages\/465\/revisions"}],"wp:attachment":[{"href":"https:\/\/norasdamian.pl\/index.php?rest_route=%2Fwp%2Fv2%2Fmedia&parent=465"}],"curies":[{"name":"wp","href":"https:\/\/api.w.org\/{rel}","templated":true}]}}