{"id":619,"date":"2022-04-25T01:40:02","date_gmt":"2022-04-25T01:40:02","guid":{"rendered":"https:\/\/architect.oceanwp.org\/?page_id=619"},"modified":"2026-02-12T20:40:57","modified_gmt":"2026-02-12T19:40:57","slug":"about-us","status":"publish","type":"page","link":"https:\/\/norasdamian.pl\/?page_id=619","title":{"rendered":"O Nas"},"content":{"rendered":"\t\t<div data-elementor-type=\"wp-page\" data-elementor-id=\"619\" class=\"elementor elementor-619\">\n\t\t\t\t<div class=\"elementor-element elementor-element-80f9b10 e-flex e-con-boxed e-con e-parent\" data-id=\"80f9b10\" data-element_type=\"container\">\n\t\t\t\t\t<div class=\"e-con-inner\">\n\t\t\t\t<div class=\"elementor-element elementor-element-87f1bf6 elementor-widget elementor-widget-heading\" data-id=\"87f1bf6\" data-element_type=\"widget\" data-widget_type=\"heading.default\">\n\t\t\t\t\t<h1 class=\"elementor-heading-title elementor-size-default\">Jeste\u015bmy rodzinn\u0105 firm\u0105 z pasj\u0105 do wn\u0119trz!<\/h1>\t\t\t\t<\/div>\n\t\t\t\t\t<\/div>\n\t\t\t\t<\/div>\n\t\t<div class=\"elementor-element elementor-element-cd5b885 e-flex e-con-boxed e-con e-parent\" data-id=\"cd5b885\" data-element_type=\"container\">\n\t\t\t\t\t<div class=\"e-con-inner\">\n\t\t\t\t<div class=\"elementor-element elementor-element-e40424e elementor-widget elementor-widget-text-editor\" data-id=\"e40424e\" data-element_type=\"widget\" data-widget_type=\"text-editor.default\">\n\t\t\t\t\t\t\t\t\t<p data-start=\"157\" data-end=\"223\"><strong>Jeste\u015bmy firm\u0105, gdzie ka\u017cdy projekt to po\u0142\u0105czenie praktycznego do\u015bwiadczenia, \u015bwie\u017cego spojrzenia i dba\u0142o\u015bci o detale.\u00a0<\/strong><\/p><p data-start=\"157\" data-end=\"223\">W naszych \u017cy\u0142ach p\u0142ynie potrzeba tworzenia \u2013 czy to pi\u0119knego ogrodu, \u0142azienki czy idealnie skrojonej kuchni.<\/p><p data-start=\"157\" data-end=\"223\">Pracujemy razem, uzupe\u0142niaj\u0105c si\u0119 nawzajem, a przede wszystkim: jeste\u015bmy w tym po to, by tworzy\u0107 dla Was co\u015b trwa\u0142ego i unikatowego.<\/p>\t\t\t\t\t\t\t\t<\/div>\n\t\t\t\t\t<\/div>\n\t\t\t\t<\/div>\n\t\t<div class=\"elementor-element elementor-element-aa21a92 e-flex e-con-boxed e-con e-parent\" data-id=\"aa21a92\" data-element_type=\"container\">\n\t\t\t\t\t<div class=\"e-con-inner\">\n\t\t\t\t<div class=\"elementor-element elementor-element-2136822 elementor-widget elementor-widget-heading\" data-id=\"2136822\" data-element_type=\"widget\" data-widget_type=\"heading.default\">\n\t\t\t\t\t<h1 class=\"elementor-heading-title elementor-size-default\">Poznaj nas!<\/h1>\t\t\t\t<\/div>\n\t\t\t\t\t<\/div>\n\t\t\t\t<\/div>\n\t\t<div class=\"elementor-element elementor-element-034509e e-grid e-con-boxed e-con e-parent\" data-id=\"034509e\" data-element_type=\"container\">\n\t\t\t\t\t<div class=\"e-con-inner\">\n\t\t<div class=\"elementor-element elementor-element-54b23a0 e-grid e-con-boxed e-con e-child\" data-id=\"54b23a0\" data-element_type=\"container\">\n\t\t\t\t\t<div class=\"e-con-inner\">\n\t\t\t\t<div class=\"elementor-element elementor-element-be2519a elementor-widget__width-auto elementor-widget elementor-widget-image\" data-id=\"be2519a\" data-element_type=\"widget\" data-widget_type=\"image.default\">\n\t\t\t\t\t\t\t\t\t\t\t\t\t\t\t<img fetchpriority=\"high\" decoding=\"async\" width=\"1024\" height=\"1024\" src=\"https:\/\/norasdamian.pl\/wp-content\/uploads\/2025\/12\/DAMIAN-NORAS-1024x1024.jpg\" class=\"attachment-large size-large wp-image-2056\" alt=\"\" srcset=\"https:\/\/norasdamian.pl\/wp-content\/uploads\/2025\/12\/DAMIAN-NORAS-1024x1024.jpg 1024w, https:\/\/norasdamian.pl\/wp-content\/uploads\/2025\/12\/DAMIAN-NORAS-300x300.jpg 300w, https:\/\/norasdamian.pl\/wp-content\/uploads\/2025\/12\/DAMIAN-NORAS-150x150.jpg 150w, https:\/\/norasdamian.pl\/wp-content\/uploads\/2025\/12\/DAMIAN-NORAS-768x768.jpg 768w, https:\/\/norasdamian.pl\/wp-content\/uploads\/2025\/12\/DAMIAN-NORAS-600x600.jpg 600w, https:\/\/norasdamian.pl\/wp-content\/uploads\/2025\/12\/DAMIAN-NORAS.jpg 1200w\" sizes=\"(max-width: 1024px) 100vw, 1024px\" \/>\t\t\t\t\t\t\t\t\t\t\t\t\t\t\t<\/div>\n\t\t<div class=\"elementor-element elementor-element-85de90b e-grid e-con-full e-con e-child\" data-id=\"85de90b\" data-element_type=\"container\">\n\t\t\t\t<div class=\"elementor-element elementor-element-9409c78 elementor-widget-divider--view-line elementor-widget elementor-widget-divider\" data-id=\"9409c78\" data-element_type=\"widget\" data-widget_type=\"divider.default\">\n\t\t\t\t\t\t\t<div class=\"elementor-divider\">\n\t\t\t<span class=\"elementor-divider-separator\">\n\t\t\t\t\t\t<\/span>\n\t\t<\/div>\n\t\t\t\t\t\t<\/div>\n\t\t\t\t<div class=\"elementor-element elementor-element-9c057ba elementor-widget elementor-widget-heading\" data-id=\"9c057ba\" data-element_type=\"widget\" data-widget_type=\"heading.default\">\n\t\t\t\t\t<h1 class=\"elementor-heading-title elementor-size-default\">Damian<\/h1>\t\t\t\t<\/div>\n\t\t\t\t<div class=\"elementor-element elementor-element-3927f53 elementor-widget__width-auto elementor-widget elementor-widget-text-editor\" data-id=\"3927f53\" data-element_type=\"widget\" data-widget_type=\"text-editor.default\">\n\t\t\t\t\t\t\t\t\t<p><strong>Mistrz Rzemios\u0142a i Wszechstronno\u015bci<\/strong><\/p><p>Od 30 lat osobi\u015bcie prowadzi firm\u0119 i jest cz\u0142owiekiem, kt\u00f3ry potrafi wykona\u0107 ka\u017cde zadanie dobrze i sprawnie, od instalacji po perfekcyjne wyko\u0144czenie. Jego ogromne do\u015bwiadczenie w kompleksowych remontach, sprawia, \u017ce rozumie budynek od fundament\u00f3w, co jest dzi\u015b kluczowe przy niestandardowych meblach i adaptacji przestrzeni. Wyr\u00f3\u017cnia go unikalna zdolno\u015b\u0107 do rozwi\u0105zywania ka\u017cdego problemu technicznego, ch\u0119tnie podejmuje si\u0119 nowych i nietypowych wyzwa\u0144. Cho\u0107 jest perfekcjonist\u0105, dba o to, by prace sz\u0142y szybko i efektywnie. Po pracy relaksuje si\u0119, piel\u0119gnuj\u0105c z \u017con\u0105 ich pi\u0119kny ogr\u00f3d.<\/p>\t\t\t\t\t\t\t\t<\/div>\n\t\t\t\t<\/div>\n\t\t\t\t\t<\/div>\n\t\t\t\t<\/div>\n\t\t\t\t\t<\/div>\n\t\t\t\t<\/div>\n\t\t<div class=\"elementor-element elementor-element-b4fc94f e-grid e-con-boxed e-con e-parent\" data-id=\"b4fc94f\" data-element_type=\"container\">\n\t\t\t\t\t<div class=\"e-con-inner\">\n\t\t<div class=\"elementor-element elementor-element-8c639fb e-grid e-con-boxed e-con e-child\" data-id=\"8c639fb\" data-element_type=\"container\">\n\t\t\t\t\t<div class=\"e-con-inner\">\n\t\t<div class=\"elementor-element elementor-element-28217dc e-grid e-con-full e-con e-child\" data-id=\"28217dc\" data-element_type=\"container\">\n\t\t\t\t<div class=\"elementor-element elementor-element-ff86952 elementor-widget-divider--view-line elementor-widget elementor-widget-divider\" data-id=\"ff86952\" data-element_type=\"widget\" data-widget_type=\"divider.default\">\n\t\t\t\t\t\t\t<div class=\"elementor-divider\">\n\t\t\t<span class=\"elementor-divider-separator\">\n\t\t\t\t\t\t<\/span>\n\t\t<\/div>\n\t\t\t\t\t\t<\/div>\n\t\t\t\t<div class=\"elementor-element elementor-element-2840cbf elementor-widget elementor-widget-heading\" data-id=\"2840cbf\" data-element_type=\"widget\" data-widget_type=\"heading.default\">\n\t\t\t\t\t<h1 class=\"elementor-heading-title elementor-size-default\">Weronika<\/h1>\t\t\t\t<\/div>\n\t\t\t\t<div class=\"elementor-element elementor-element-b9b16ad elementor-widget__width-auto elementor-widget elementor-widget-text-editor\" data-id=\"b9b16ad\" data-element_type=\"widget\" data-widget_type=\"text-editor.default\">\n\t\t\t\t\t\t\t\t\t<p><strong>Estetyka, Kolor i Logistyka<\/strong><\/p><p>Przez lata wspiera\u0142a firm\u0119 m\u0119\u017ca &#8222;od kuchni&#8221;, dbaj\u0105c o ca\u0142\u0105 logistyk\u0119, dokumenty i finanse, ale jej prawdziwy talent tkwi w wyczuciu estetyki i detalu. Zajmowa\u0142a si\u0119 projektowaniem wn\u0119trz i zamawianiem mebli na wymiar, dzi\u0119ki czemu wie, jak po\u0142\u0105czy\u0107 funkcjonalno\u015b\u0107 z ciep\u0142em domowego ogniska. Ma niezwyk\u0142e oko do kolor\u00f3w i kompozycji, co obecnie rozwija, szkol\u0105c si\u0119 w malarstwie i arteterapii. Czuwa nad wszystkimi domownikami i nad tym, by projekty wn\u0119trz mia\u0142y dusz\u0119 i by\u0142y dopracowane. Wolny czas najch\u0119tniej sp\u0119dza w ogrodzie i oddaj\u0105c si\u0119 tw\u00f3rczo\u015bci r\u0119kodzielniczej.<\/p>\t\t\t\t\t\t\t\t<\/div>\n\t\t\t\t<\/div>\n\t\t\t\t<div class=\"elementor-element elementor-element-45a01cf elementor-widget__width-auto elementor-widget elementor-widget-image\" data-id=\"45a01cf\" data-element_type=\"widget\" data-widget_type=\"image.default\">\n\t\t\t\t\t\t\t\t\t\t\t\t\t\t\t<img decoding=\"async\" width=\"1024\" height=\"1024\" src=\"https:\/\/norasdamian.pl\/wp-content\/uploads\/2025\/12\/Weronika-Noras-1024x1024.jpg\" class=\"attachment-large size-large wp-image-2058\" alt=\"\" srcset=\"https:\/\/norasdamian.pl\/wp-content\/uploads\/2025\/12\/Weronika-Noras-1024x1024.jpg 1024w, https:\/\/norasdamian.pl\/wp-content\/uploads\/2025\/12\/Weronika-Noras-300x300.jpg 300w, https:\/\/norasdamian.pl\/wp-content\/uploads\/2025\/12\/Weronika-Noras-150x150.jpg 150w, https:\/\/norasdamian.pl\/wp-content\/uploads\/2025\/12\/Weronika-Noras-768x768.jpg 768w, https:\/\/norasdamian.pl\/wp-content\/uploads\/2025\/12\/Weronika-Noras-600x600.jpg 600w, https:\/\/norasdamian.pl\/wp-content\/uploads\/2025\/12\/Weronika-Noras.jpg 1200w\" sizes=\"(max-width: 1024px) 100vw, 1024px\" \/>\t\t\t\t\t\t\t\t\t\t\t\t\t\t\t<\/div>\n\t\t\t\t\t<\/div>\n\t\t\t\t<\/div>\n\t\t\t\t\t<\/div>\n\t\t\t\t<\/div>\n\t\t<div class=\"elementor-element elementor-element-0b17858 e-grid e-con-boxed e-con e-parent\" data-id=\"0b17858\" data-element_type=\"container\">\n\t\t\t\t\t<div class=\"e-con-inner\">\n\t\t<div class=\"elementor-element elementor-element-bf88705 e-grid e-con-boxed e-con e-child\" data-id=\"bf88705\" data-element_type=\"container\">\n\t\t\t\t\t<div class=\"e-con-inner\">\n\t\t\t\t<div class=\"elementor-element elementor-element-acb7ba3 elementor-widget__width-auto elementor-widget elementor-widget-image\" data-id=\"acb7ba3\" data-element_type=\"widget\" data-widget_type=\"image.default\">\n\t\t\t\t\t\t\t\t\t\t\t\t\t\t\t<img decoding=\"async\" width=\"1024\" height=\"1024\" src=\"https:\/\/norasdamian.pl\/wp-content\/uploads\/2025\/12\/MARCIN-NORAS-1024x1024.jpg\" class=\"attachment-large size-large wp-image-2059\" alt=\"\" srcset=\"https:\/\/norasdamian.pl\/wp-content\/uploads\/2025\/12\/MARCIN-NORAS-1024x1024.jpg 1024w, https:\/\/norasdamian.pl\/wp-content\/uploads\/2025\/12\/MARCIN-NORAS-300x300.jpg 300w, https:\/\/norasdamian.pl\/wp-content\/uploads\/2025\/12\/MARCIN-NORAS-150x150.jpg 150w, https:\/\/norasdamian.pl\/wp-content\/uploads\/2025\/12\/MARCIN-NORAS-768x768.jpg 768w, https:\/\/norasdamian.pl\/wp-content\/uploads\/2025\/12\/MARCIN-NORAS-600x600.jpg 600w, https:\/\/norasdamian.pl\/wp-content\/uploads\/2025\/12\/MARCIN-NORAS.jpg 1200w\" sizes=\"(max-width: 1024px) 100vw, 1024px\" \/>\t\t\t\t\t\t\t\t\t\t\t\t\t\t\t<\/div>\n\t\t<div class=\"elementor-element elementor-element-655f18e e-grid e-con-full e-con e-child\" data-id=\"655f18e\" data-element_type=\"container\">\n\t\t\t\t<div class=\"elementor-element elementor-element-363467f elementor-widget-divider--view-line elementor-widget elementor-widget-divider\" data-id=\"363467f\" data-element_type=\"widget\" data-widget_type=\"divider.default\">\n\t\t\t\t\t\t\t<div class=\"elementor-divider\">\n\t\t\t<span class=\"elementor-divider-separator\">\n\t\t\t\t\t\t<\/span>\n\t\t<\/div>\n\t\t\t\t\t\t<\/div>\n\t\t\t\t<div class=\"elementor-element elementor-element-6b200a7 elementor-widget elementor-widget-heading\" data-id=\"6b200a7\" data-element_type=\"widget\" data-widget_type=\"heading.default\">\n\t\t\t\t\t<h1 class=\"elementor-heading-title elementor-size-default\">Marcin<\/h1>\t\t\t\t<\/div>\n\t\t\t\t<div class=\"elementor-element elementor-element-07daf8b elementor-widget__width-auto elementor-widget elementor-widget-text-editor\" data-id=\"07daf8b\" data-element_type=\"widget\" data-widget_type=\"text-editor.default\">\n\t\t\t\t\t\t\t\t\t<p><strong>Architekt, Projektant i Logistyka Techniczna<\/strong><\/p><p>Jest magistrem in\u017cynierem architektury, kt\u00f3ry dos\u0142ownie dorasta\u0142 na placu budowy rodzinnego domu. Dzi\u015b \u0142\u0105czy t\u0119 solidn\u0105, praktyczn\u0105 wiedz\u0119 z najnowszymi narz\u0119dziami: specjalizuje si\u0119 w projektowaniu mebli, wizualizacjach oraz grafice 3D. Z natury ma potrzeb\u0119 tworzenia i rozwijania projekt\u00f3w, co objawia si\u0119 dba\u0142o\u015bci\u0105 o estetyk\u0119 i techniczn\u0105 precyzj\u0119. Jest bieg\u0142y w obs\u0142udze technologii, a druk 3D wykorzystuje, aby szybko rozwi\u0105zywa\u0107 nietypowe problemy na budowie jak i w prywatnych projektach, tworz\u0105c niestandardowe cz\u0119\u015bci i przedmioty codziennego u\u017cytku. Dzia\u0142a jako sprawny \u0142\u0105cznik mi\u0119dzy wizj\u0105 a realizacj\u0105.<\/p>\t\t\t\t\t\t\t\t<\/div>\n\t\t\t\t<\/div>\n\t\t\t\t\t<\/div>\n\t\t\t\t<\/div>\n\t\t\t\t\t<\/div>\n\t\t\t\t<\/div>\n\t\t\t\t<section class=\"elementor-section elementor-top-section elementor-element elementor-element-ab7676b elementor-section-boxed elementor-section-height-default elementor-section-height-default\" data-id=\"ab7676b\" data-element_type=\"section\">\n\t\t\t\t\t\t<div class=\"elementor-container elementor-column-gap-default\">\n\t\t\t\t\t<div class=\"elementor-column elementor-col-100 elementor-top-column elementor-element elementor-element-c1b9110\" data-id=\"c1b9110\" data-element_type=\"column\">\n\t\t\t<div class=\"elementor-widget-wrap elementor-element-populated\">\n\t\t\t\t\t\t<div class=\"elementor-element elementor-element-d3899f7 elementor-widget-divider--view-line elementor-widget elementor-widget-divider\" data-id=\"d3899f7\" data-element_type=\"widget\" data-widget_type=\"divider.default\">\n\t\t\t\t\t\t\t<div class=\"elementor-divider\">\n\t\t\t<span class=\"elementor-divider-separator\">\n\t\t\t\t\t\t<\/span>\n\t\t<\/div>\n\t\t\t\t\t\t<\/div>\n\t\t\t\t<div class=\"elementor-element elementor-element-2003626 elementor-widget elementor-widget-heading\" data-id=\"2003626\" data-element_type=\"widget\" data-widget_type=\"heading.default\">\n\t\t\t\t\t<h3 class=\"elementor-heading-title elementor-size-default\">Znajdziesz nas r\u00f3wnie\u017c na:<\/h3>\t\t\t\t<\/div>\n\t\t\t\t<section class=\"elementor-section elementor-inner-section elementor-element elementor-element-9b9076d elementor-section-boxed elementor-section-height-default elementor-section-height-default\" data-id=\"9b9076d\" data-element_type=\"section\">\n\t\t\t\t\t\t<div class=\"elementor-container elementor-column-gap-default\">\n\t\t\t\t\t<div class=\"elementor-column elementor-col-100 elementor-inner-column elementor-element elementor-element-82cc467\" data-id=\"82cc467\" data-element_type=\"column\">\n\t\t\t<div class=\"elementor-widget-wrap elementor-element-populated\">\n\t\t\t\t\t\t<div class=\"elementor-element elementor-element-7da3c2c elementor-shape-rounded elementor-grid-0 e-grid-align-center elementor-widget elementor-widget-social-icons\" data-id=\"7da3c2c\" data-element_type=\"widget\" data-widget_type=\"social-icons.default\">\n\t\t\t\t\t\t\t<div class=\"elementor-social-icons-wrapper elementor-grid\" role=\"list\">\n\t\t\t\t\t\t\t<span class=\"elementor-grid-item\" role=\"listitem\">\n\t\t\t\t\t<a class=\"elementor-icon elementor-social-icon elementor-social-icon-facebook elementor-repeater-item-6157e44\" href=\"https:\/\/www.facebook.com\/urbnoras\" target=\"_blank\">\n\t\t\t\t\t\t<span class=\"elementor-screen-only\">Facebook<\/span>\n\t\t\t\t\t\t<svg class=\"e-font-icon-svg e-fab-facebook\" viewBox=\"0 0 512 512\" xmlns=\"http:\/\/www.w3.org\/2000\/svg\"><path d=\"M504 256C504 119 393 8 256 8S8 119 8 256c0 123.78 90.69 226.38 209.25 245V327.69h-63V256h63v-54.64c0-62.15 37-96.48 93.67-96.48 27.14 0 55.52 4.84 55.52 4.84v61h-31.28c-30.8 0-40.41 19.12-40.41 38.73V256h68.78l-11 71.69h-57.78V501C413.31 482.38 504 379.78 504 256z\"><\/path><\/svg>\t\t\t\t\t<\/a>\n\t\t\t\t<\/span>\n\t\t\t\t\t\t\t<span class=\"elementor-grid-item\" role=\"listitem\">\n\t\t\t\t\t<a class=\"elementor-icon elementor-social-icon elementor-social-icon-instagram elementor-repeater-item-a7dcb27\" href=\"https:\/\/www.instagram.com\/urb.noras\/\" target=\"_blank\">\n\t\t\t\t\t\t<span class=\"elementor-screen-only\">Instagram<\/span>\n\t\t\t\t\t\t<svg class=\"e-font-icon-svg e-fab-instagram\" viewBox=\"0 0 448 512\" xmlns=\"http:\/\/www.w3.org\/2000\/svg\"><path d=\"M224.1 141c-63.6 0-114.9 51.3-114.9 114.9s51.3 114.9 114.9 114.9S339 319.5 339 255.9 287.7 141 224.1 141zm0 189.6c-41.1 0-74.7-33.5-74.7-74.7s33.5-74.7 74.7-74.7 74.7 33.5 74.7 74.7-33.6 74.7-74.7 74.7zm146.4-194.3c0 14.9-12 26.8-26.8 26.8-14.9 0-26.8-12-26.8-26.8s12-26.8 26.8-26.8 26.8 12 26.8 26.8zm76.1 27.2c-1.7-35.9-9.9-67.7-36.2-93.9-26.2-26.2-58-34.4-93.9-36.2-37-2.1-147.9-2.1-184.9 0-35.8 1.7-67.6 9.9-93.9 36.1s-34.4 58-36.2 93.9c-2.1 37-2.1 147.9 0 184.9 1.7 35.9 9.9 67.7 36.2 93.9s58 34.4 93.9 36.2c37 2.1 147.9 2.1 184.9 0 35.9-1.7 67.7-9.9 93.9-36.2 26.2-26.2 34.4-58 36.2-93.9 2.1-37 2.1-147.8 0-184.8zM398.8 388c-7.8 19.6-22.9 34.7-42.6 42.6-29.5 11.7-99.5 9-132.1 9s-102.7 2.6-132.1-9c-19.6-7.8-34.7-22.9-42.6-42.6-11.7-29.5-9-99.5-9-132.1s-2.6-102.7 9-132.1c7.8-19.6 22.9-34.7 42.6-42.6 29.5-11.7 99.5-9 132.1-9s102.7-2.6 132.1 9c19.6 7.8 34.7 22.9 42.6 42.6 11.7 29.5 9 99.5 9 132.1s2.7 102.7-9 132.1z\"><\/path><\/svg>\t\t\t\t\t<\/a>\n\t\t\t\t<\/span>\n\t\t\t\t\t\t\t<span class=\"elementor-grid-item\" role=\"listitem\">\n\t\t\t\t\t<a class=\"elementor-icon elementor-social-icon elementor-social-icon-icon-google-review elementor-repeater-item-60dceac\" href=\"https:\/\/search.google.com\/local\/writereview?placeid=ChIJ2W_MzSzLFkcRJVvdUmIxfQo\" target=\"_blank\">\n\t\t\t\t\t\t<span class=\"elementor-screen-only\">Icon-google-review<\/span>\n\t\t\t\t\t\t<i class=\"icon icon-google-review\"><\/i>\t\t\t\t\t<\/a>\n\t\t\t\t<\/span>\n\t\t\t\t\t<\/div>\n\t\t\t\t\t\t<\/div>\n\t\t\t\t\t<\/div>\n\t\t<\/div>\n\t\t\t\t\t<\/div>\n\t\t<\/section>\n\t\t\t\t\t<\/div>\n\t\t<\/div>\n\t\t\t\t\t<\/div>\n\t\t<\/section>\n\t\t\t\t<section class=\"elementor-section elementor-top-section elementor-element elementor-element-5ed2d29 elementor-section-boxed elementor-section-height-default elementor-section-height-default\" data-id=\"5ed2d29\" data-element_type=\"section\" data-settings=\"{&quot;background_background&quot;:&quot;classic&quot;}\">\n\t\t\t\t\t\t<div class=\"elementor-container elementor-column-gap-default\">\n\t\t\t\t\t<div class=\"elementor-column elementor-col-100 elementor-top-column elementor-element elementor-element-5a6698e\" data-id=\"5a6698e\" data-element_type=\"column\">\n\t\t\t<div class=\"elementor-widget-wrap elementor-element-populated\">\n\t\t\t\t\t\t<div class=\"elementor-element elementor-element-f69ec83 elementor-widget elementor-widget-heading\" data-id=\"f69ec83\" data-element_type=\"widget\" data-widget_type=\"heading.default\">\n\t\t\t\t\t<h1 class=\"elementor-heading-title elementor-size-default\">Skontaktuj si\u0119 z nami! <br>\n602   126   693<\/h1>\t\t\t\t<\/div>\n\t\t\t\t\t<\/div>\n\t\t<\/div>\n\t\t\t\t\t<\/div>\n\t\t<\/section>\n\t\t\t\t<\/div>\n\t\t","protected":false},"excerpt":{"rendered":"<p>Jeste\u015bmy rodzinn\u0105 firm\u0105 z pasj\u0105 do wn\u0119trz! Jeste\u015bmy firm\u0105, gdzie ka\u017cdy projekt to po\u0142\u0105czenie praktycznego do\u015bwiadczenia, \u015bwie\u017cego spojrzenia i dba\u0142o\u015bci o detale.\u00a0 W naszych \u017cy\u0142ach p\u0142ynie potrzeba tworzenia \u2013 czy to pi\u0119knego ogrodu, \u0142azienki czy idealnie skrojonej kuchni. Pracujemy razem, uzupe\u0142niaj\u0105c si\u0119 nawzajem, a przede wszystkim: jeste\u015bmy w tym po to, by tworzy\u0107 dla Was [&hellip;]<\/p>\n","protected":false},"author":1,"featured_media":0,"parent":465,"menu_order":2,"comment_status":"closed","ping_status":"closed","template":"","meta":{"ocean_post_layout":"full-screen","ocean_both_sidebars_style":"","ocean_both_sidebars_content_width":0,"ocean_both_sidebars_sidebars_width":0,"ocean_sidebar":"0","ocean_second_sidebar":"0","ocean_disable_margins":"on","ocean_add_body_class":"","ocean_shortcode_before_top_bar":"","ocean_shortcode_after_top_bar":"","ocean_shortcode_before_header":"","ocean_shortcode_after_header":"","ocean_has_shortcode":"","ocean_shortcode_after_title":"","ocean_shortcode_before_footer_widgets":"","ocean_shortcode_after_footer_widgets":"","ocean_shortcode_before_footer_bottom":"","ocean_shortcode_after_footer_bottom":"","ocean_display_top_bar":"default","ocean_display_header":"default","ocean_header_style":"transparent","ocean_center_header_left_menu":"0","ocean_custom_header_template":"0","ocean_custom_logo":0,"ocean_custom_retina_logo":0,"ocean_custom_logo_max_width":0,"ocean_custom_logo_tablet_max_width":0,"ocean_custom_logo_mobile_max_width":0,"ocean_custom_logo_max_height":0,"ocean_custom_logo_tablet_max_height":0,"ocean_custom_logo_mobile_max_height":0,"ocean_header_custom_menu":"0","ocean_menu_typo_font_family":"0","ocean_menu_typo_font_subset":"","ocean_menu_typo_font_size":0,"ocean_menu_typo_font_size_tablet":0,"ocean_menu_typo_font_size_mobile":0,"ocean_menu_typo_font_size_unit":"px","ocean_menu_typo_font_weight":"","ocean_menu_typo_font_weight_tablet":"","ocean_menu_typo_font_weight_mobile":"","ocean_menu_typo_transform":"","ocean_menu_typo_transform_tablet":"","ocean_menu_typo_transform_mobile":"","ocean_menu_typo_line_height":0,"ocean_menu_typo_line_height_tablet":0,"ocean_menu_typo_line_height_mobile":0,"ocean_menu_typo_line_height_unit":"","ocean_menu_typo_spacing":0,"ocean_menu_typo_spacing_tablet":0,"ocean_menu_typo_spacing_mobile":0,"ocean_menu_typo_spacing_unit":"","ocean_menu_link_color":"#ffffff","ocean_menu_link_color_hover":"#6e8fef","ocean_menu_link_color_active":"#ffffff","ocean_menu_link_background":"","ocean_menu_link_hover_background":"","ocean_menu_link_active_background":"","ocean_menu_social_links_bg":"","ocean_menu_social_hover_links_bg":"","ocean_menu_social_links_color":"#ffffff","ocean_menu_social_hover_links_color":"#6e8fef","ocean_disable_title":"on","ocean_disable_heading":"default","ocean_post_title":"","ocean_post_subheading":"","ocean_post_title_style":"","ocean_post_title_background_color":"","ocean_post_title_background":0,"ocean_post_title_bg_image_position":"","ocean_post_title_bg_image_attachment":"","ocean_post_title_bg_image_repeat":"","ocean_post_title_bg_image_size":"","ocean_post_title_height":0,"ocean_post_title_bg_overlay":0.5,"ocean_post_title_bg_overlay_color":"","ocean_disable_breadcrumbs":"off","ocean_breadcrumbs_color":"","ocean_breadcrumbs_separator_color":"","ocean_breadcrumbs_links_color":"","ocean_breadcrumbs_links_hover_color":"","ocean_display_footer_widgets":"default","ocean_display_footer_bottom":"default","ocean_custom_footer_template":"0","footnotes":""},"class_list":["post-619","page","type-page","status-publish","hentry","entry"],"_links":{"self":[{"href":"https:\/\/norasdamian.pl\/index.php?rest_route=\/wp\/v2\/pages\/619","targetHints":{"allow":["GET"]}}],"collection":[{"href":"https:\/\/norasdamian.pl\/index.php?rest_route=\/wp\/v2\/pages"}],"about":[{"href":"https:\/\/norasdamian.pl\/index.php?rest_route=\/wp\/v2\/types\/page"}],"author":[{"embeddable":true,"href":"https:\/\/norasdamian.pl\/index.php?rest_route=\/wp\/v2\/users\/1"}],"replies":[{"embeddable":true,"href":"https:\/\/norasdamian.pl\/index.php?rest_route=%2Fwp%2Fv2%2Fcomments&post=619"}],"version-history":[{"count":3,"href":"https:\/\/norasdamian.pl\/index.php?rest_route=\/wp\/v2\/pages\/619\/revisions"}],"predecessor-version":[{"id":2145,"href":"https:\/\/norasdamian.pl\/index.php?rest_route=\/wp\/v2\/pages\/619\/revisions\/2145"}],"up":[{"embeddable":true,"href":"https:\/\/norasdamian.pl\/index.php?rest_route=\/wp\/v2\/pages\/465"}],"wp:attachment":[{"href":"https:\/\/norasdamian.pl\/index.php?rest_route=%2Fwp%2Fv2%2Fmedia&parent=619"}],"curies":[{"name":"wp","href":"https:\/\/api.w.org\/{rel}","templated":true}]}}